{"id":14,"date":"2015-05-21T17:49:56","date_gmt":"2015-05-21T17:49:56","guid":{"rendered":"http:\/\/acltf.org\/wordpressacltf\/?page_id=14"},"modified":"2019-10-13T19:18:38","modified_gmt":"2019-10-13T17:18:38","slug":"contacto","status":"publish","type":"page","link":"http:\/\/acltf.org\/wordpressacltf\/contacto\/","title":{"rendered":"Contacto"},"content":{"rendered":"<p style=\"text-align: left;\"><strong>DIRECCI\u00d3N<\/strong>:<\/p>\n<p style=\"text-align: left;\">C\/ Obispo D. Mauricio, 14 &#8211; 09002 Burgos<\/p>\n<p style=\"text-align: left;\"><strong>TEL\u00c9FONO<\/strong>:<\/p>\n<p style=\"text-align: left;\">629 414 531<\/p>\n<p>684 311 559<\/p>\n<p style=\"text-align: left;\"><strong>Horario de atenci\u00f3n telef\u00f3nica<\/strong>:<\/p>\n<p style=\"text-align: left;\">Si no es posible atender la llamada en ese momento, nos pondremos en contacto con usted a la mayor brevedad<\/p>\n<p style=\"text-align: left;\"><strong>Correo electr\u00f3nico<\/strong>:<\/p>\n<p style=\"text-align: left;\"><a href=\"mailto:atfcasle@hotmail.com\">atfcasle@hotmail.com<\/a><\/p>\n<p style=\"text-align: left;\"><a href=\"mailto:castillaleon@feat.org\">castillaleon@featf.org<\/a><\/p>\n<p style=\"text-align: left;\">\n","protected":false},"excerpt":{"rendered":"<p>DIRECCI\u00d3N: C\/ Obispo D. Mauricio, 14 &#8211; 09002 Burgos TEL\u00c9FONO: 629 414 531 684 311 559 Horario de atenci\u00f3n telef\u00f3nica: Si no es posible atender la llamada en ese momento, nos pondremos en contacto con usted a la mayor brevedad Correo electr\u00f3nico: atfcasle@hotmail.com castillaleon@featf.org<\/p>\n","protected":false},"author":1,"featured_media":0,"parent":0,"menu_order":1,"comment_status":"closed","ping_status":"closed","template":"page-contact.php","meta":{"jetpack_post_was_ever_published":false},"yoast_head":"<!-- This site is optimized with the Yoast SEO plugin v21.8.1 - https:\/\/yoast.com\/wordpress\/plugins\/seo\/ -->\n<title>Contacto - Asociaci\u00f3n Castellano Leonesa de Terapia Familiar<\/title>\n<meta name=\"robots\" content=\"index, follow, max-snippet:-1, max-image-preview:large, max-video-preview:-1\" \/>\n<link rel=\"canonical\" href=\"http:\/\/acltf.org\/wordpressacltf\/contacto\/\" \/>\n<meta property=\"og:locale\" content=\"es_ES\" \/>\n<meta property=\"og:type\" content=\"article\" \/>\n<meta property=\"og:title\" content=\"Contacto - Asociaci\u00f3n Castellano Leonesa de Terapia Familiar\" \/>\n<meta property=\"og:description\" content=\"DIRECCI\u00d3N: C\/ Obispo D. Mauricio, 14 &#8211; 09002 Burgos TEL\u00c9FONO: 629 414 531 684 311 559 Horario de atenci\u00f3n telef\u00f3nica: Si no es posible atender la llamada en ese momento, nos pondremos en contacto con usted a la mayor brevedad Correo electr\u00f3nico: atfcasle@hotmail.com castillaleon@featf.org\" \/>\n<meta property=\"og:url\" content=\"http:\/\/acltf.org\/wordpressacltf\/contacto\/\" \/>\n<meta property=\"og:site_name\" content=\"Asociaci\u00f3n Castellano Leonesa de Terapia Familiar\" \/>\n<meta property=\"article:publisher\" content=\"https:\/\/www.facebook.com\/pages\/Asociaci%c3%b3n-Castellano-Leonesa-de-Terapia-Familiar\/820904984647986?fref=ts\" \/>\n<meta property=\"article:modified_time\" content=\"2019-10-13T17:18:38+00:00\" \/>\n<meta name=\"twitter:card\" content=\"summary_large_image\" \/>\n<script type=\"application\/ld+json\" class=\"yoast-schema-graph\">{\"@context\":\"https:\/\/schema.org\",\"@graph\":[{\"@type\":\"WebPage\",\"@id\":\"http:\/\/acltf.org\/wordpressacltf\/contacto\/\",\"url\":\"http:\/\/acltf.org\/wordpressacltf\/contacto\/\",\"name\":\"Contacto - Asociaci\u00f3n Castellano Leonesa de Terapia Familiar\",\"isPartOf\":{\"@id\":\"http:\/\/acltf.org\/wordpressacltf\/#website\"},\"datePublished\":\"2015-05-21T17:49:56+00:00\",\"dateModified\":\"2019-10-13T17:18:38+00:00\",\"breadcrumb\":{\"@id\":\"http:\/\/acltf.org\/wordpressacltf\/contacto\/#breadcrumb\"},\"inLanguage\":\"es\",\"potentialAction\":[{\"@type\":\"ReadAction\",\"target\":[\"http:\/\/acltf.org\/wordpressacltf\/contacto\/\"]}]},{\"@type\":\"BreadcrumbList\",\"@id\":\"http:\/\/acltf.org\/wordpressacltf\/contacto\/#breadcrumb\",\"itemListElement\":[{\"@type\":\"ListItem\",\"position\":1,\"name\":\"Portada\",\"item\":\"http:\/\/acltf.org\/wordpressacltf\/\"},{\"@type\":\"ListItem\",\"position\":2,\"name\":\"Contacto\"}]},{\"@type\":\"WebSite\",\"@id\":\"http:\/\/acltf.org\/wordpressacltf\/#website\",\"url\":\"http:\/\/acltf.org\/wordpressacltf\/\",\"name\":\"Asociaci\u00f3n Castellano Leonesa de Terapia Familiar\",\"description\":\"Asociaci\u00f3n de Terapia Familiar\",\"publisher\":{\"@id\":\"http:\/\/acltf.org\/wordpressacltf\/#organization\"},\"potentialAction\":[{\"@type\":\"SearchAction\",\"target\":{\"@type\":\"EntryPoint\",\"urlTemplate\":\"http:\/\/acltf.org\/wordpressacltf\/?s={search_term_string}\"},\"query-input\":\"required name=search_term_string\"}],\"inLanguage\":\"es\"},{\"@type\":\"Organization\",\"@id\":\"http:\/\/acltf.org\/wordpressacltf\/#organization\",\"name\":\"acltf\",\"url\":\"http:\/\/acltf.org\/wordpressacltf\/\",\"logo\":{\"@type\":\"ImageObject\",\"inLanguage\":\"es\",\"@id\":\"http:\/\/acltf.org\/wordpressacltf\/#\/schema\/logo\/image\/\",\"url\":\"http:\/\/acltf.org\/wordpressacltf\/wp-content\/uploads\/2015\/05\/Logo250.png\",\"contentUrl\":\"http:\/\/acltf.org\/wordpressacltf\/wp-content\/uploads\/2015\/05\/Logo250.png\",\"width\":250,\"height\":250,\"caption\":\"acltf\"},\"image\":{\"@id\":\"http:\/\/acltf.org\/wordpressacltf\/#\/schema\/logo\/image\/\"},\"sameAs\":[\"https:\/\/www.facebook.com\/pages\/Asociaci\u00f3n-Castellano-Leonesa-de-Terapia-Familiar\/820904984647986?fref=ts\"]}]}<\/script>\n<!-- \/ Yoast SEO plugin. -->","yoast_head_json":{"title":"Contacto - Asociaci\u00f3n Castellano Leonesa de Terapia Familiar","robots":{"index":"index","follow":"follow","max-snippet":"max-snippet:-1","max-image-preview":"max-image-preview:large","max-video-preview":"max-video-preview:-1"},"canonical":"http:\/\/acltf.org\/wordpressacltf\/contacto\/","og_locale":"es_ES","og_type":"article","og_title":"Contacto - Asociaci\u00f3n Castellano Leonesa de Terapia Familiar","og_description":"DIRECCI\u00d3N: C\/ Obispo D. Mauricio, 14 &#8211; 09002 Burgos TEL\u00c9FONO: 629 414 531 684 311 559 Horario de atenci\u00f3n telef\u00f3nica: Si no es posible atender la llamada en ese momento, nos pondremos en contacto con usted a la mayor brevedad Correo electr\u00f3nico: atfcasle@hotmail.com castillaleon@featf.org","og_url":"http:\/\/acltf.org\/wordpressacltf\/contacto\/","og_site_name":"Asociaci\u00f3n Castellano Leonesa de Terapia Familiar","article_publisher":"https:\/\/www.facebook.com\/pages\/Asociaci%c3%b3n-Castellano-Leonesa-de-Terapia-Familiar\/820904984647986?fref=ts","article_modified_time":"2019-10-13T17:18:38+00:00","twitter_card":"summary_large_image","schema":{"@context":"https:\/\/schema.org","@graph":[{"@type":"WebPage","@id":"http:\/\/acltf.org\/wordpressacltf\/contacto\/","url":"http:\/\/acltf.org\/wordpressacltf\/contacto\/","name":"Contacto - Asociaci\u00f3n Castellano Leonesa de Terapia Familiar","isPartOf":{"@id":"http:\/\/acltf.org\/wordpressacltf\/#website"},"datePublished":"2015-05-21T17:49:56+00:00","dateModified":"2019-10-13T17:18:38+00:00","breadcrumb":{"@id":"http:\/\/acltf.org\/wordpressacltf\/contacto\/#breadcrumb"},"inLanguage":"es","potentialAction":[{"@type":"ReadAction","target":["http:\/\/acltf.org\/wordpressacltf\/contacto\/"]}]},{"@type":"BreadcrumbList","@id":"http:\/\/acltf.org\/wordpressacltf\/contacto\/#breadcrumb","itemListElement":[{"@type":"ListItem","position":1,"name":"Portada","item":"http:\/\/acltf.org\/wordpressacltf\/"},{"@type":"ListItem","position":2,"name":"Contacto"}]},{"@type":"WebSite","@id":"http:\/\/acltf.org\/wordpressacltf\/#website","url":"http:\/\/acltf.org\/wordpressacltf\/","name":"Asociaci\u00f3n Castellano Leonesa de Terapia Familiar","description":"Asociaci\u00f3n de Terapia Familiar","publisher":{"@id":"http:\/\/acltf.org\/wordpressacltf\/#organization"},"potentialAction":[{"@type":"SearchAction","target":{"@type":"EntryPoint","urlTemplate":"http:\/\/acltf.org\/wordpressacltf\/?s={search_term_string}"},"query-input":"required name=search_term_string"}],"inLanguage":"es"},{"@type":"Organization","@id":"http:\/\/acltf.org\/wordpressacltf\/#organization","name":"acltf","url":"http:\/\/acltf.org\/wordpressacltf\/","logo":{"@type":"ImageObject","inLanguage":"es","@id":"http:\/\/acltf.org\/wordpressacltf\/#\/schema\/logo\/image\/","url":"http:\/\/acltf.org\/wordpressacltf\/wp-content\/uploads\/2015\/05\/Logo250.png","contentUrl":"http:\/\/acltf.org\/wordpressacltf\/wp-content\/uploads\/2015\/05\/Logo250.png","width":250,"height":250,"caption":"acltf"},"image":{"@id":"http:\/\/acltf.org\/wordpressacltf\/#\/schema\/logo\/image\/"},"sameAs":["https:\/\/www.facebook.com\/pages\/Asociaci\u00f3n-Castellano-Leonesa-de-Terapia-Familiar\/820904984647986?fref=ts"]}]}},"jetpack_sharing_enabled":true,"jetpack_shortlink":"https:\/\/wp.me\/P6UE5O-e","jetpack_likes_enabled":true,"_links":{"self":[{"href":"http:\/\/acltf.org\/wordpressacltf\/wp-json\/wp\/v2\/pages\/14"}],"collection":[{"href":"http:\/\/acltf.org\/wordpressacltf\/wp-json\/wp\/v2\/pages"}],"about":[{"href":"http:\/\/acltf.org\/wordpressacltf\/wp-json\/wp\/v2\/types\/page"}],"author":[{"embeddable":true,"href":"http:\/\/acltf.org\/wordpressacltf\/wp-json\/wp\/v2\/users\/1"}],"replies":[{"embeddable":true,"href":"http:\/\/acltf.org\/wordpressacltf\/wp-json\/wp\/v2\/comments?post=14"}],"version-history":[{"count":12,"href":"http:\/\/acltf.org\/wordpressacltf\/wp-json\/wp\/v2\/pages\/14\/revisions"}],"predecessor-version":[{"id":700,"href":"http:\/\/acltf.org\/wordpressacltf\/wp-json\/wp\/v2\/pages\/14\/revisions\/700"}],"wp:attachment":[{"href":"http:\/\/acltf.org\/wordpressacltf\/wp-json\/wp\/v2\/media?parent=14"}],"curies":[{"name":"wp","href":"https:\/\/api.w.org\/{rel}","templated":true}]}}